{"id":852,"date":"2022-07-07T14:51:59","date_gmt":"2022-07-07T17:51:59","guid":{"rendered":"http:\/\/www.sintatica.com.br\/asilo\/?page_id=852"},"modified":"2026-02-27T14:48:10","modified_gmt":"2026-02-27T17:48:10","slug":"seja-um-voluntario","status":"publish","type":"page","link":"http:\/\/asilosaovicente.org.br\/site\/seja-um-voluntario\/","title":{"rendered":"Seja um volunt\u00e1rio"},"content":{"rendered":"\n<div style=\"height:50px\" aria-hidden=\"true\" class=\"wp-block-spacer\"><\/div>\n\n\n\n<h1 class=\"wp-block-heading\">Seja um volunt\u00e1rio<\/h1>\n\n\n\n<div style=\"height:20px\" aria-hidden=\"true\" class=\"wp-block-spacer\"><\/div>\n\n\n\n<p>A atividade de voluntariado tem como objetivo a melhoria do bem-estar, sa\u00fade mental e qualidade de vida das idosas, bem como a socializa\u00e7\u00e3o entre os demais membros da comunidade.<\/p>\n\n\n\n<p>Para participar o volunt\u00e1rio deve realizar o preenchimento do cadastro abaixo, com \u00eanfase em uma de nossas propostas de atividade. Seguindo normativas competentes a legisla\u00e7\u00e3o do voluntariado, cada interessado pode participar de uma das atividades desenvolvidas, respeitando o m\u00e1ximo de um total de 4 horas de atividades semanais.<\/p>\n\n\n\n<p>Consideramos que, para realizar uma atividade volunt\u00e1ria, se faz necess\u00e1rio apresentar algumas qualidades como: empatia, solidariedade e carinho. Mas tamb\u00e9m \u00e9 preciso:<\/p>\n\n\n\n<ul class=\"wp-block-list margem2\">\n<li>Ser maior de 18 anos;<\/li>\n\n\n\n<li>Ser proativo com facilidade de relacionamento interpessoal (com caracter\u00edsticas de calma, responsabilidade e paci\u00eancia);<\/li>\n\n\n\n<li>Comprometimento e disponibilidade para com a atividade.<\/li>\n<\/ul>\n\n\n\n<p><\/p>\n\n\n\n<p>Todas as oficinas s\u00e3o desenvolvidas no per\u00edodo vespertino, das 14h \u00e0s 16h. As visitas solid\u00e1rias s\u00e3o das 15h30 \u00e0s 16h30.<\/p>\n\n\n\n<p>Para se tornar um volunt\u00e1rio n\u00e3o \u00e9 necess\u00e1rio ter experi\u00eancia, pois posteriormente ser\u00e1 ofertada integra\u00e7\u00e3o e capacita\u00e7\u00e3o aos futuros volunt\u00e1rios. Para iniciar o trabalho volunt\u00e1rio ser\u00e1 realizada a integra\u00e7\u00e3o\/capacita\u00e7\u00e3o.<br><br><em>* No dia da integra\u00e7\u00e3o solicitamos a todos os volunt\u00e1rios que tragam RG e comprovante de resid\u00eancia.<\/em><\/p>\n\n\n\n<p><\/p>\n\n\n\n<p><strong>INSCRI\u00c7\u00d5ES FECHADAS!<\/strong><\/p>\n\n\n\n<p>Caso queira mais informa\u00e7\u00f5es entre em contato com o setor de Servi\u00e7o Social pelo e-mail s.social@asilosaovicente.org.br ou pelo telefone (41) 3313-5353.<br><br><br><strong>Setor <br>Artesanato Geral (Trabalhos manuais)<\/strong><br>Tem por objetivo a estimula\u00e7\u00e3o e manuten\u00e7\u00e3o da psicomotricidade das idosas, mediante as seguintes a\u00e7\u00f5es: tric\u00f4, croch\u00ea e pintura em tecido. Na proposta de artesanato o volunt\u00e1rio dever\u00e1 ter conhecimento b\u00e1sico sobre a proposta (saber fazer) para poder ensinar as idosas que necessitarem de aux\u00edlio ou desejarem aprender esta nova habilidade, assim sendo, o volunt\u00e1rio poder\u00e1: auxiliar as idosas no processo de ensino-aprendizagem de novas atividades; separar materiais que as idosas utilizar\u00e3o durante as atividades; organizar os materiais que chegarem de doa\u00e7\u00e3o para o uso da sala de artesanato sob orienta\u00e7\u00e3o do t\u00e9cnico respons\u00e1vel pela atividade.<br><em>Dia da Semana: 4\u00aa &#8211; feira; 5\u00aa feira<br>Hor\u00e1rio: 14h \u00e0s 16h<\/em><\/p>\n\n\n\n<p><br><strong>Oficina de&nbsp;artes<\/strong><br>Tem por objetivo a socializa\u00e7\u00e3o, estimula\u00e7\u00e3o cognitiva e psicomotora das idosas. Nesta a\u00e7\u00e3o o volunt\u00e1rio realizar\u00e1: aux\u00edlio ao t\u00e9cnico de refer\u00eancia na execu\u00e7\u00e3o da atividade; organiza\u00e7\u00e3o dos materiais a serem utilizados; assessoramento das idosas durante o desenvolvimento da atividade; dentre outras atividades se solicitado pelo t\u00e9cnico de refer\u00eancia.<br><em>Dia da Semana: 5\u00aa &#8211; feira; <em>6\u00aa &#8211; feira<\/em><br>Hor\u00e1rio: 14h \u00e0s 16h<\/em><\/p>\n\n\n\n<p><br><strong>Oficina de Tape\u00e7aria<\/strong><br>Tem por objetivo a estimula\u00e7\u00e3o e manuten\u00e7\u00e3o da psicomotricidade das idosas residentes. Nesta oficina, o volunt\u00e1rio poder\u00e1: auxiliar as idosas no processo de ensino-aprendizagem de novos pontos; realizar acabamentos das pe\u00e7as prontas; separar os materiais que as idosas utilizar\u00e3o durante as atividades (desfiar estopas, produzir bolas de l\u00e3, separar cores de l\u00e3 e outros); organizar os materiais que chegam de doa\u00e7\u00e3o para uso na sala de tape\u00e7aria; dentre outras a\u00e7\u00f5es relacionadas a oficina, com acompanhamento do t\u00e9cnico de refer\u00eancia da atividade.<br><em>Dia da Semana: 5\u00aa &#8211; feira<br>Hor\u00e1rio: 14h \u00e0s 16h<\/em><br><br><br><strong>Visita Solid\u00e1ria <\/strong><br>Objetiva proporcionar momentos de socializa\u00e7\u00e3o, bem-estar e qualidade de vida, entre idosa e membros da comunidade. Nesta a\u00e7\u00e3o, o volunt\u00e1rio se disponibilizar\u00e1 a realizar visitas a moradora do Asilo S\u00e3o Vicente de Paulo (de acordo com a disponibilidade e agenda estabelecida); construir\u00e1 v\u00ednculos afetivos e efetivos de amizade; poder\u00e1 compartilhar hist\u00f3rias de vida; proporcionar atividades de lazer; dentre outras a\u00e7\u00f5es. Cabe destacar que atividades externas dever\u00e3o ser dialogadas e autorizadas pelo t\u00e9cnico de refer\u00eancia desta a\u00e7\u00e3o.<br><em>Dia da Semana: 3\u00aa &#8211; feira; <em>5\u00aa &#8211; feira<\/em><br>Hor\u00e1rio: 15h30 \u00e0s 16h30<\/em><br><br><br><strong>Musicoterapia (Coral\/ Musicaliza\u00e7\u00e3o Geral)<\/strong><br>A estimula\u00e7\u00e3o atrav\u00e9s da pr\u00e1tica musical proporciona o est\u00edmulo da mem\u00f3ria, estabiliza\u00e7\u00e3o do humor a socializa\u00e7\u00e3o das idosas dentre outras. Nesta a\u00e7\u00e3o o volunt\u00e1rio realizar\u00e1: aux\u00edlio ao t\u00e9cnico de refer\u00eancia na execu\u00e7\u00e3o da atividade; organiza\u00e7\u00e3o dos materiais a serem utilizados; assessoramento das idosas durante o desenvolvimento da atividade; dentre outras atividades se solicitado pelo t\u00e9cnico de refer\u00eancia.<br><em>Dia da Semana: 3\u00aa &#8211; feira; <em>5\u00aa &#8211; feira<\/em><br>Hor\u00e1rio: 14h \u00e0s 16h<\/em><br><br><br><strong>COSTURA<\/strong><br>Realizar atividades de reparos em roupas de uso das moradoras, auxiliar na confec\u00e7\u00e3o e ajustes de uniformes, produtos artesanais, promover a inclus\u00e3o\/social e estimular o desenvolvimento de habilidades manuais entre as idosas. Para esta atividade o volunt\u00e1rio precisa ter no\u00e7\u00f5es b\u00e1sicas de costura, sendo a necessidade Institucional de grande demanda.<br><strong><em>Para esta atividade o volunt\u00e1rio precisa ter no\u00e7\u00f5es b\u00e1sicas de costura, sendo uma necessidade institucional de grande demanda.<\/em><\/strong><br><em>Dia da Semana: 2\u00aa &#8211; feira &#8211; <em>Hor\u00e1rio: 9h \u00e0s 11h<\/em><br><em>Dia da Semana: 3\u00aa &#8211; feira e\/ou 4\u00aa=feira &#8211; <em>Hor\u00e1rio: 9h \u00e0s 11h<\/em><\/em><\/em> ou 14h \u00e0s 16h<\/p>\n\n\n\n<p><br><em><br><\/em><\/p>\n\n\n\n<p><br><\/p>\n\n\n\n<div style=\"height:100px\" aria-hidden=\"true\" class=\"wp-block-spacer\"><\/div>\n","protected":false},"excerpt":{"rendered":"<p>Seja um volunt\u00e1rio A atividade de voluntariado tem como objetivo a melhoria do bem-estar, sa\u00fade mental e qualidade de vida das idosas, bem como a socializa\u00e7\u00e3o entre os demais membros da comunidade. Para participar o volunt\u00e1rio deve realizar o preenchimento do cadastro abaixo, com \u00eanfase em uma de nossas propostas de atividade. Seguindo normativas competentes &hellip;<\/p>\n<p class=\"read-more\"> <a class=\"\" href=\"http:\/\/asilosaovicente.org.br\/site\/seja-um-voluntario\/\"> <span class=\"screen-reader-text\">Seja um volunt\u00e1rio<\/span> Leia mais &raquo;<\/a><\/p>\n","protected":false},"author":1,"featured_media":0,"parent":0,"menu_order":0,"comment_status":"closed","ping_status":"closed","template":"","meta":{"footnotes":""},"class_list":["post-852","page","type-page","status-publish","hentry"],"uagb_featured_image_src":{"full":false,"thumbnail":false,"medium":false,"medium_large":false,"large":false,"1536x1536":false,"2048x2048":false},"uagb_author_info":{"display_name":"Asilo adm","author_link":"http:\/\/asilosaovicente.org.br\/site\/author\/asilo-adm\/"},"uagb_comment_info":0,"uagb_excerpt":"Seja um volunt\u00e1rio A atividade de voluntariado tem como objetivo a melhoria do bem-estar, sa\u00fade mental e qualidade de vida das idosas, bem como a socializa\u00e7\u00e3o entre os demais membros da comunidade. Para participar o volunt\u00e1rio deve realizar o preenchimento do cadastro abaixo, com \u00eanfase em uma de nossas propostas de atividade. Seguindo normativas competentes&hellip;","_links":{"self":[{"href":"http:\/\/asilosaovicente.org.br\/site\/wp-json\/wp\/v2\/pages\/852","targetHints":{"allow":["GET"]}}],"collection":[{"href":"http:\/\/asilosaovicente.org.br\/site\/wp-json\/wp\/v2\/pages"}],"about":[{"href":"http:\/\/asilosaovicente.org.br\/site\/wp-json\/wp\/v2\/types\/page"}],"author":[{"embeddable":true,"href":"http:\/\/asilosaovicente.org.br\/site\/wp-json\/wp\/v2\/users\/1"}],"replies":[{"embeddable":true,"href":"http:\/\/asilosaovicente.org.br\/site\/wp-json\/wp\/v2\/comments?post=852"}],"version-history":[{"count":33,"href":"http:\/\/asilosaovicente.org.br\/site\/wp-json\/wp\/v2\/pages\/852\/revisions"}],"predecessor-version":[{"id":1590,"href":"http:\/\/asilosaovicente.org.br\/site\/wp-json\/wp\/v2\/pages\/852\/revisions\/1590"}],"wp:attachment":[{"href":"http:\/\/asilosaovicente.org.br\/site\/wp-json\/wp\/v2\/media?parent=852"}],"curies":[{"name":"wp","href":"https:\/\/api.w.org\/{rel}","templated":true}]}}