{"id":857,"date":"2022-07-07T15:01:30","date_gmt":"2022-07-07T18:01:30","guid":{"rendered":"http:\/\/www.sintatica.com.br\/asilo\/?page_id=857"},"modified":"2022-07-07T15:01:30","modified_gmt":"2022-07-07T18:01:30","slug":"contato","status":"publish","type":"page","link":"http:\/\/asilosaovicente.org.br\/site\/contato\/","title":{"rendered":"Contato"},"content":{"rendered":"\n<div style=\"height:50px\" aria-hidden=\"true\" class=\"wp-block-spacer\"><\/div>\n\n\n\n<h1 class=\"wp-block-heading\">Contato<\/h1>\n\n\n\n<div style=\"height:20px\" aria-hidden=\"true\" class=\"wp-block-spacer\"><\/div>\n\n\n\n<section class=\"wp-block-uagb-columns uagb-columns__wrap uagb-columns__background-undefined uagb-columns__stack-mobile uagb-columns__valign-undefined uagb-columns__gap-10 alignundefined uagb-block-bbe712fb\"><div class=\"uagb-columns__overlay\"><\/div><div class=\"uagb-columns__inner-wrap uagb-columns__columns-2\">\n<div class=\"wp-block-uagb-column uagb-column__wrap uagb-column__background-undefined uagb-block-af9c643e\"><div class=\"uagb-column__overlay\"><\/div><div class=\"uagb-column__inner-wrap\">\n<p>Tudo o que voc\u00ea tem a dizer \u00e9 muito importante para n\u00f3s. Suas d\u00favidas e sugest\u00f5es contribuem para o desenvolvimento cont\u00ednuo de nossa infraestrutura e atendimento.<\/p>\n\n\n\n<p><strong>Asilo S\u00e3o Vicente de Paulo<\/strong><br>Rua S\u00e3o Vicente, 100, Juvev\u00ea &#8211; Curitiba-PR<br>Fone: (41) 3313-5353<br>E-mail: asilo@asilosaovicente.org.br<\/p>\n\n\n\n<p><strong>Centro Dia<\/strong><br>Fone: (41) 3313-5384<br>E-mail: centrodia@asilosaovicente.org.br<\/p>\n<\/div><\/div>\n\n\n\n<div class=\"wp-block-uagb-column uagb-column__wrap uagb-column__background-undefined uagb-block-3e03ffd9\"><div class=\"uagb-column__overlay\"><\/div><div class=\"uagb-column__inner-wrap\">\n<figure class=\"wp-block-image size-full\"><img loading=\"lazy\" decoding=\"async\" width=\"559\" height=\"653\" src=\"http:\/\/asilosaovicente.org.br\/site\/wp-content\/uploads\/2022\/08\/idosa1-1.png\" alt=\"\" class=\"wp-image-1214\" srcset=\"http:\/\/asilosaovicente.org.br\/site\/wp-content\/uploads\/2022\/08\/idosa1-1.png 559w, http:\/\/asilosaovicente.org.br\/site\/wp-content\/uploads\/2022\/08\/idosa1-1-257x300.png 257w\" sizes=\"auto, (max-width: 559px) 100vw, 559px\" \/><\/figure>\n<\/div><\/div>\n<\/div><\/section>\n","protected":false},"excerpt":{"rendered":"<p>Contato<\/p>\n","protected":false},"author":1,"featured_media":0,"parent":0,"menu_order":0,"comment_status":"closed","ping_status":"closed","template":"","meta":{"footnotes":""},"class_list":["post-857","page","type-page","status-publish","hentry"],"uagb_featured_image_src":{"full":false,"thumbnail":false,"medium":false,"medium_large":false,"large":false,"1536x1536":false,"2048x2048":false},"uagb_author_info":{"display_name":"Asilo adm","author_link":"http:\/\/asilosaovicente.org.br\/site\/author\/asilo-adm\/"},"uagb_comment_info":0,"uagb_excerpt":"Contato","_links":{"self":[{"href":"http:\/\/asilosaovicente.org.br\/site\/wp-json\/wp\/v2\/pages\/857","targetHints":{"allow":["GET"]}}],"collection":[{"href":"http:\/\/asilosaovicente.org.br\/site\/wp-json\/wp\/v2\/pages"}],"about":[{"href":"http:\/\/asilosaovicente.org.br\/site\/wp-json\/wp\/v2\/types\/page"}],"author":[{"embeddable":true,"href":"http:\/\/asilosaovicente.org.br\/site\/wp-json\/wp\/v2\/users\/1"}],"replies":[{"embeddable":true,"href":"http:\/\/asilosaovicente.org.br\/site\/wp-json\/wp\/v2\/comments?post=857"}],"version-history":[{"count":0,"href":"http:\/\/asilosaovicente.org.br\/site\/wp-json\/wp\/v2\/pages\/857\/revisions"}],"wp:attachment":[{"href":"http:\/\/asilosaovicente.org.br\/site\/wp-json\/wp\/v2\/media?parent=857"}],"curies":[{"name":"wp","href":"https:\/\/api.w.org\/{rel}","templated":true}]}}