{"id":874,"date":"2022-07-07T17:45:15","date_gmt":"2022-07-07T20:45:15","guid":{"rendered":"http:\/\/www.sintatica.com.br\/asilo\/?page_id=874"},"modified":"2022-07-07T17:45:15","modified_gmt":"2022-07-07T20:45:15","slug":"doacao-de-produtos-diversos","status":"publish","type":"page","link":"http:\/\/asilosaovicente.org.br\/site\/doacao-de-produtos-diversos\/","title":{"rendered":"Doa\u00e7\u00e3o de produtos diversos"},"content":{"rendered":"\n<div style=\"height:50px\" aria-hidden=\"true\" class=\"wp-block-spacer\"><\/div>\n\n\n\n<h1 class=\"wp-block-heading\">Doa\u00e7\u00e3o de produtos diversos<\/h1>\n\n\n\n<section class=\"wp-block-uagb-columns uagb-columns__wrap uagb-columns__background-undefined uagb-columns__stack-mobile uagb-columns__valign-undefined uagb-columns__gap-10 alignundefined uagb-block-d66ff8a9 margem\"><div class=\"uagb-columns__overlay\"><\/div><div class=\"uagb-columns__inner-wrap uagb-columns__columns-2\">\n<div class=\"wp-block-uagb-column uagb-column__wrap uagb-column__background-undefined uagb-block-f0a30949\"><div class=\"uagb-column__overlay\"><\/div><div class=\"uagb-column__inner-wrap\">\n<p>O Asilo S\u00e3o Vicente de Paulo \u00e9 uma institui\u00e7\u00e3o sem fins lucrativos. Os recursos provenientes dos conv\u00eanios atuais mant\u00eam o atendimento b\u00e1sico \u00e0s moradoras, por\u00e9m somente com apoio da comunidade (pessoas, grupos ou empresas) tem sido poss\u00edvel manter toda a qualidade no atendimento.<\/p>\n\n\n\n<p>Mensalmente o Asilo precisa de alguns itens com os quais a comunidade pode contribuir:<\/p>\n\n\n\n<p>\u2022 Alimentos (confira quais conosco antes de doar)<br>\u2022 Rem\u00e9dios (confira quais conosco antes de doar)<br>\u2022 Leite<br>\u2022 Fraldas geri\u00e1tricas e len\u00e7os umedecidos<br>\u2022 Produtos de higiene e limpeza<\/p>\n\n\n\n<p>Eles ser\u00e3o destinados para o uso na casa.<\/p>\n\n\n\n<p>Entre em contato pelo&nbsp;telefone (41) 3313-5353 para tirar d\u00favidas sobre as doa\u00e7\u00f5es. Produtos em grande volume podem ser retirados em domic\u00edlio.<\/p>\n<\/div><\/div>\n\n\n\n<div class=\"wp-block-uagb-column uagb-column__wrap uagb-column__background-undefined uagb-block-4877be89\"><div class=\"uagb-column__overlay\"><\/div><div class=\"uagb-column__inner-wrap\"><\/div><\/div>\n<\/div><\/section>\n\n\n\n<div style=\"height:100px\" aria-hidden=\"true\" class=\"wp-block-spacer\"><\/div>\n","protected":false},"excerpt":{"rendered":"<p>Doa\u00e7\u00e3o de produtos diversos<\/p>\n","protected":false},"author":1,"featured_media":0,"parent":0,"menu_order":0,"comment_status":"closed","ping_status":"closed","template":"","meta":{"footnotes":""},"class_list":["post-874","page","type-page","status-publish","hentry"],"uagb_featured_image_src":{"full":false,"thumbnail":false,"medium":false,"medium_large":false,"large":false,"1536x1536":false,"2048x2048":false},"uagb_author_info":{"display_name":"Asilo adm","author_link":"http:\/\/asilosaovicente.org.br\/site\/author\/asilo-adm\/"},"uagb_comment_info":0,"uagb_excerpt":"Doa\u00e7\u00e3o de produtos diversos","_links":{"self":[{"href":"http:\/\/asilosaovicente.org.br\/site\/wp-json\/wp\/v2\/pages\/874","targetHints":{"allow":["GET"]}}],"collection":[{"href":"http:\/\/asilosaovicente.org.br\/site\/wp-json\/wp\/v2\/pages"}],"about":[{"href":"http:\/\/asilosaovicente.org.br\/site\/wp-json\/wp\/v2\/types\/page"}],"author":[{"embeddable":true,"href":"http:\/\/asilosaovicente.org.br\/site\/wp-json\/wp\/v2\/users\/1"}],"replies":[{"embeddable":true,"href":"http:\/\/asilosaovicente.org.br\/site\/wp-json\/wp\/v2\/comments?post=874"}],"version-history":[{"count":0,"href":"http:\/\/asilosaovicente.org.br\/site\/wp-json\/wp\/v2\/pages\/874\/revisions"}],"wp:attachment":[{"href":"http:\/\/asilosaovicente.org.br\/site\/wp-json\/wp\/v2\/media?parent=874"}],"curies":[{"name":"wp","href":"https:\/\/api.w.org\/{rel}","templated":true}]}}