{"id":877,"date":"2022-07-07T18:45:28","date_gmt":"2022-07-07T21:45:28","guid":{"rendered":"http:\/\/www.sintatica.com.br\/asilo\/?page_id=877"},"modified":"2024-08-22T14:19:11","modified_gmt":"2024-08-22T17:19:11","slug":"doacoes-diretas","status":"publish","type":"page","link":"http:\/\/asilosaovicente.org.br\/site\/doacoes-diretas\/","title":{"rendered":"Doa\u00e7\u00f5es diretas"},"content":{"rendered":"\n<div style=\"height:50px\" aria-hidden=\"true\" class=\"wp-block-spacer\"><\/div>\n\n\n\n<h1 class=\"wp-block-heading\">Doa\u00e7\u00f5es diretas<\/h1>\n\n\n\n<div style=\"height:20px\" aria-hidden=\"true\" class=\"wp-block-spacer\"><\/div>\n\n\n\n<p>Contribua realizando uma doa\u00e7\u00e3o para a ASP (Mantenedora do Asilo S\u00e3o Vicente de Paulo) em qualquer valor.<\/p>\n\n\n\n<p>Veja qual \u00e9 o banco de sua prefer\u00eancia, deposite na conta indicada ou realize um PIX para pagamento de qualquer quantia. Agradecemos sua colabora\u00e7\u00e3o!<\/p>\n\n\n\n<p class=\"has-medium-font-size\"><strong>Chave Pix:<\/strong><br>76.712.918\/0001-25<\/p>\n\n\n\n<p>Veja qual \u00e9 o banco de sua prefer\u00eancia, deposite na conta indicada ou realize um PIX para pagamento de qualquer quantia. Agradecemos sua colabora\u00e7\u00e3o!<\/p>\n\n\n\n<section class=\"wp-block-uagb-columns uagb-columns__wrap uagb-columns__background-undefined uagb-columns__stack-mobile uagb-columns__valign-undefined uagb-columns__gap-10 alignundefined uagb-block-377039ae\"><div class=\"uagb-columns__overlay\"><\/div><div class=\"uagb-columns__inner-wrap uagb-columns__columns-5\">\n<div class=\"wp-block-uagb-column uagb-column__wrap uagb-column__background-undefined uagb-block-625f1c2c\"><div class=\"uagb-column__overlay\"><\/div><div class=\"uagb-column__inner-wrap\">\n<p style=\"text-align: center;\"><img loading=\"lazy\" decoding=\"async\" class=\"aligncenter size-full wp-image-1149\" src=\"http:\/\/asilosaovicente.org.br\/site\/wp-content\/uploads\/2022\/08\/itau-logo-1.jpg\" alt=\"\" width=\"60\" height=\"60\" \/><strong data-rich-text-format-boundary=\"true\">Banco Ita\u00fa:<br data-rich-text-line-break=\"true\" \/><\/strong>Ag\u00eancia: 0274<br data-rich-text-line-break=\"true\" \/>Conta Corrente: 77798-6<\/p>\n<\/div><\/div>\n\n\n\n<div class=\"wp-block-uagb-column uagb-column__wrap uagb-column__background-undefined uagb-block-8a2beb0e\"><div class=\"uagb-column__overlay\"><\/div><div class=\"uagb-column__inner-wrap\">\n<p style=\"text-align: center;\"><img loading=\"lazy\" decoding=\"async\" class=\"aligncenter size-full wp-image-1150\" src=\"http:\/\/asilosaovicente.org.br\/site\/wp-content\/uploads\/2022\/08\/bradesco-1.jpg\" alt=\"\" width=\"60\" height=\"60\" \/><strong>Banco Bradesco:<br data-rich-text-line-break=\"true\" \/><\/strong>Ag\u00eancia: 1342<br data-rich-text-line-break=\"true\" \/>Conta: 467293-3<\/p>\n<\/div><\/div>\n\n\n\n<div class=\"wp-block-uagb-column uagb-column__wrap uagb-column__background-undefined uagb-block-d1d81d9b\"><div class=\"uagb-column__overlay\"><\/div><div class=\"uagb-column__inner-wrap\">\n<p style=\"text-align: center;\"><img loading=\"lazy\" decoding=\"async\" class=\"aligncenter size-full wp-image-1152\" src=\"http:\/\/asilosaovicente.org.br\/site\/wp-content\/uploads\/2022\/08\/caixa-1.jpg\" alt=\"\" width=\"60\" height=\"60\" \/><strong data-rich-text-format-boundary=\"true\">Banco Caixa Econ\u00f4mica Federal:<br data-rich-text-line-break=\"true\" \/><\/strong>Ag\u00eancia: 1633<br data-rich-text-line-break=\"true\" \/>Conta Poupan\u00e7a: 739015991-0 op. 1388<\/p>\n<\/div><\/div>\n\n\n\n<div class=\"wp-block-uagb-column uagb-column__wrap uagb-column__background-undefined uagb-block-df98439e\"><div class=\"uagb-column__overlay\"><\/div><div class=\"uagb-column__inner-wrap\">\n<p style=\"text-align: center;\"><img loading=\"lazy\" decoding=\"async\" class=\"aligncenter size-full wp-image-1151\" src=\"http:\/\/asilosaovicente.org.br\/site\/wp-content\/uploads\/2022\/08\/bb-1.jpg\" alt=\"\" width=\"60\" height=\"60\" \/><strong data-rich-text-format-boundary=\"true\">Banco do Bral:<br data-rich-text-line-break=\"true\" \/><\/strong>Ag\u00eancia: 3007-4<br data-rich-text-line-break=\"true\" \/>Conta Corrente: 28267-7<\/p>\n<\/div><\/div>\n\n\n\n<div class=\"wp-block-uagb-column uagb-column__wrap uagb-column__background-undefined uagb-block-c1eb4ad6\"><div class=\"uagb-column__overlay\"><\/div><div class=\"uagb-column__inner-wrap\">\n<p style=\"text-align: center;\"><img loading=\"lazy\" decoding=\"async\" class=\"aligncenter size-full wp-image-1153\" src=\"http:\/\/asilosaovicente.org.br\/site\/wp-content\/uploads\/2022\/08\/logo-sicredi-1.png\" alt=\"\" width=\"60\" height=\"60\" \/><strong data-rich-text-format-boundary=\"true\">Sicredi:<br data-rich-text-line-break=\"true\" \/><\/strong>Ag\u00eancia: 0730<br data-rich-text-line-break=\"true\" \/>Conta Corrente: 69738-1<\/p>\n<\/div><\/div>\n<\/div><\/section>\n\n\n\n<p><strong>Voc\u00ea tamb\u00e9m pode ser um doador mensal do Asilo S\u00e3o Vicente de Paulo.<\/strong><\/p>\n\n\n\n<div class=\"wp-block-uagb-marketing-button uagb-marketing-btn__outer-wrap uagb-marketing-btn__align-left uagb-marketing-btn__align-text-center uagb-marketing-btn__icon-before uagb-block-cf9ffe8f\"><div class=\"uagb-marketing-btn__wrap\"><a href=\"https:\/\/asilosaovicente.colabore.org\/inicial\/people\/new\" class=\"uagb-marketing-btn__link\" target=\"\" rel=\"noopener noreferrer\"><div class=\"uagb-marketing-btn__title-wrap\"><div class=\"uagb-marketing-btn__icon-wrap\"><svg xmlns=\"http:\/\/www.w3.org\/2000\/svg\" viewBox=\"0 0 512 512\"><path d=\"M462.3 62.6C407.5 15.9 326 24.3 275.7 76.2L256 96.5l-19.7-20.3C186.1 24.3 104.5 15.9 49.7 62.6c-62.8 53.6-66.1 149.8-9.9 207.9l193.5 199.8c12.5 12.9 32.8 12.9 45.3 0l193.5-199.8c56.3-58.1 53-154.3-9.8-207.9z\"><\/path><\/svg><\/div><h6 class=\"uagb-marketing-btn__title\">Seja um Doador Mensal<\/h6><\/div><div class=\"uagb-marketing-btn__prefix-wrap\"><p class=\"uagb-marketing-btn__prefix\"><\/p><\/div><\/a><\/div><\/div>\n\n\n\n<div style=\"height:100px\" aria-hidden=\"true\" class=\"wp-block-spacer\"><\/div>\n","protected":false},"excerpt":{"rendered":"<p>Doa\u00e7\u00f5es diretas Contribua realizando uma doa\u00e7\u00e3o para a ASP (Mantenedora do Asilo S\u00e3o Vicente de Paulo) em qualquer valor. Veja qual \u00e9 o banco de sua prefer\u00eancia, deposite na conta indicada ou realize um PIX para pagamento de qualquer quantia. Agradecemos sua colabora\u00e7\u00e3o! Chave Pix:76.712.918\/0001-25 Veja qual \u00e9 o banco de sua prefer\u00eancia, deposite na &hellip;<\/p>\n<p class=\"read-more\"> <a class=\"\" href=\"http:\/\/asilosaovicente.org.br\/site\/doacoes-diretas\/\"> <span class=\"screen-reader-text\">Doa\u00e7\u00f5es diretas<\/span> Leia mais &raquo;<\/a><\/p>\n","protected":false},"author":1,"featured_media":0,"parent":0,"menu_order":0,"comment_status":"closed","ping_status":"closed","template":"","meta":{"footnotes":""},"class_list":["post-877","page","type-page","status-publish","hentry"],"uagb_featured_image_src":{"full":false,"thumbnail":false,"medium":false,"medium_large":false,"large":false,"1536x1536":false,"2048x2048":false},"uagb_author_info":{"display_name":"Asilo adm","author_link":"http:\/\/asilosaovicente.org.br\/site\/author\/asilo-adm\/"},"uagb_comment_info":0,"uagb_excerpt":"Doa\u00e7\u00f5es diretas Contribua realizando uma doa\u00e7\u00e3o para a ASP (Mantenedora do Asilo S\u00e3o Vicente de Paulo) em qualquer valor. Veja qual \u00e9 o banco de sua prefer\u00eancia, deposite na conta indicada ou realize um PIX para pagamento de qualquer quantia. Agradecemos sua colabora\u00e7\u00e3o! Chave Pix:76.712.918\/0001-25 Veja qual \u00e9 o banco de sua prefer\u00eancia, deposite na&hellip;","_links":{"self":[{"href":"http:\/\/asilosaovicente.org.br\/site\/wp-json\/wp\/v2\/pages\/877","targetHints":{"allow":["GET"]}}],"collection":[{"href":"http:\/\/asilosaovicente.org.br\/site\/wp-json\/wp\/v2\/pages"}],"about":[{"href":"http:\/\/asilosaovicente.org.br\/site\/wp-json\/wp\/v2\/types\/page"}],"author":[{"embeddable":true,"href":"http:\/\/asilosaovicente.org.br\/site\/wp-json\/wp\/v2\/users\/1"}],"replies":[{"embeddable":true,"href":"http:\/\/asilosaovicente.org.br\/site\/wp-json\/wp\/v2\/comments?post=877"}],"version-history":[{"count":2,"href":"http:\/\/asilosaovicente.org.br\/site\/wp-json\/wp\/v2\/pages\/877\/revisions"}],"predecessor-version":[{"id":1543,"href":"http:\/\/asilosaovicente.org.br\/site\/wp-json\/wp\/v2\/pages\/877\/revisions\/1543"}],"wp:attachment":[{"href":"http:\/\/asilosaovicente.org.br\/site\/wp-json\/wp\/v2\/media?parent=877"}],"curies":[{"name":"wp","href":"https:\/\/api.w.org\/{rel}","templated":true}]}}