{"id":10,"date":"2021-10-25T21:28:59","date_gmt":"2021-10-26T00:28:59","guid":{"rendered":"http:\/\/www.sintatica.com.br\/asilo\/?page_id=10"},"modified":"2022-11-03T20:25:58","modified_gmt":"2022-11-03T23:25:58","slug":"home","status":"publish","type":"page","link":"https:\/\/asilosaovicente.org.br\/site\/","title":{"rendered":"home"},"content":{"rendered":"\n<div style=\"display: none;\" class=\"crellyslider-slider crellyslider-slider-full-width crellyslider-slider-homepage crellyslider-1\" id=\"crellyslider-1\">\n<ul>\n<li\nstyle=\"\nbackground-color: transparent;\nbackground-image: url('https:\/\/asilosaovicente.org.br\/site\/wp-content\/uploads\/2024\/07\/fundo-bazar.jpg');\nbackground-position: center center;\nbackground-repeat: no-repeat;\nbackground-size: cover;\n\n\"\ndata-in=\"fade\"\ndata-ease-in=\"300\"\ndata-out=\"fade\"\ndata-ease-out=\"300\"\ndata-time=\"60000\"\n>\n<img\nclass=\"\"\nsrc=\"https:\/\/asilosaovicente.org.br\/site\/wp-content\/uploads\/2024\/07\/doe-roupas.png\"\nalt=\"\"\nstyle=\"\nz-index: 1;\n\n\"\ndata-delay=\"800\"\ndata-ease-in=\"300\"\ndata-ease-out=\"300\"\ndata-in=\"fadeSmallDown\"\ndata-out=\"fade\"\ndata-ignore-ease-out=\"0\"\ndata-top=\"350\"\ndata-left=\"227\"\ndata-time=\"all\"\n\/>\n<img\nclass=\"\"\nsrc=\"https:\/\/asilosaovicente.org.br\/site\/wp-content\/uploads\/2024\/07\/moveis-roupas.png\"\nalt=\"\"\nstyle=\"\nz-index: 1;\n\n\"\ndata-delay=\"600\"\ndata-ease-in=\"300\"\ndata-ease-out=\"300\"\ndata-in=\"fadeSmallUp\"\ndata-out=\"fade\"\ndata-ignore-ease-out=\"0\"\ndata-top=\"219\"\ndata-left=\"226\"\ndata-time=\"all\"\n\/>\n<\/li>\n<li\nstyle=\"\nbackground-color: transparent;\nbackground-image: url('https:\/\/asilosaovicente.org.br\/site\/wp-content\/uploads\/2025\/04\/img-2.jpg');\nbackground-position: center center;\nbackground-repeat: no-repeat;\nbackground-size: cover;\n\n\"\ndata-in=\"fade\"\ndata-ease-in=\"300\"\ndata-out=\"fade\"\ndata-ease-out=\"300\"\ndata-time=\"30000\"\n>\n<\/li>\n<li\nstyle=\"\nbackground-color: transparent;\nbackground-image: url('https:\/\/asilosaovicente.org.br\/site\/wp-content\/uploads\/2024\/04\/banner-asilo-2024-2.jpg');\nbackground-position: center center;\nbackground-repeat: no-repeat;\nbackground-size: cover;\n\n\"\ndata-in=\"fade\"\ndata-ease-in=\"300\"\ndata-out=\"fade\"\ndata-ease-out=\"300\"\ndata-time=\"30000\"\n>\n<\/li>\n<li\nstyle=\"\nbackground-color: transparent;\nbackground-image: url('https:\/\/asilosaovicente.org.br\/site\/wp-content\/uploads\/2024\/04\/banner-asilo-2024-3.jpg');\nbackground-position: center center;\nbackground-repeat: no-repeat;\nbackground-size: cover;\n\n\"\ndata-in=\"fade\"\ndata-ease-in=\"300\"\ndata-out=\"fade\"\ndata-ease-out=\"300\"\ndata-time=\"30000\"\n>\n<\/li>\n<\/ul>\n<\/div>\n<script type=\"text\/javascript\">\n(function($) {\n$(document).ready(function() {\n$(\"#crellyslider-1\").crellySlider({\nlayout: 'full-width',\nresponsive: 1,\nstartWidth: 1140,\nstartHeight: 940,\nautomaticSlide: 1,\nshowControls: 1,\nshowNavigation: 0,\nenableSwipe: 1,\nshowProgressBar: 0,\npauseOnHover: 1,\nrandomOrder: 0,\nstartFromSlide: 0,\nbeforeStart : function() {},\nbeforeSetResponsive : function() {},\nbeforeSlideStart : function() {},\nbeforePause\t: function() {},\nbeforeResume : function() {},\n});\n});\n})(jQuery);\n<\/script>\n\n\n\n\n<div class=\"box-contribua\"><div class=\"texto-contribua\">CONTRIBUA COM NOSSO ASILO:<\/div><div class=\"caixa-centro\"><a href=\"http:\/\/asilosaovicente.org.br\/site\/como-contribuir\/\"><div class=\"bt-laranja\">DOA\u00c7\u00c3O PESSOA F\u00cdSICA<\/div><\/a><a href=\"http:\/\/asilosaovicente.org.br\/site\/como-contribuir\/\"><div class=\"bt-laranja\">DOA\u00c7\u00c3O PESSOA JUR\u00cdDICA<\/div><\/a><\/div><\/div>\n<div class=\"box-botoes\">\n<a href=\"http:\/\/asilosaovicente.org.br\/site\/doacoes-diretas\/\"><div class=\"box-botoes-centro\"><div class=\"box-1\"><img loading=\"lazy\" decoding=\"async\" class=\"\" src=\"http:\/\/asilosaovicente.org.br\/site\/wp-content\/uploads\/2021\/10\/icon-doador-1.png\" alt=\"\" width=\"89\" height=\"85\"><br>DOA\u00c7\u00c3O DIRETA<br>(DEP\u00d3SITO BANC\u00c1RIO)<\/div><\/a>\n<a href=\"http:\/\/asilosaovicente.org.br\/site\/doacao-de-produtos-diversos\/\"><div class=\"box-2\"><img loading=\"lazy\" decoding=\"async\" class=\"\" src=\"http:\/\/asilosaovicente.org.br\/site\/wp-content\/uploads\/2021\/10\/icon-produtos-1.png\" alt=\"\" width=\"89\" height=\"85\"><br>DOA\u00c7\u00c3O DE<br>PRODUTOS<\/div><\/a>\n<a href=\"http:\/\/asilosaovicente.org.br\/site\/impostoderenda\/\"><div class=\"box-1\"><img loading=\"lazy\" decoding=\"async\" class=\"\" src=\"http:\/\/asilosaovicente.org.br\/site\/wp-content\/uploads\/2021\/10\/icon-leao-1.png\" alt=\"\" width=\"89\" height=\"85\"><br>DOA\u00c7\u00c3O PELO<br>IMPOSTO DE RENDA<\/div><\/a>\n<a href=\"http:\/\/asilosaovicente.org.br\/site\/seja-um-voluntario\/\"><div class=\"box-2\"><img loading=\"lazy\" decoding=\"async\" class=\"\" src=\"http:\/\/asilosaovicente.org.br\/site\/wp-content\/uploads\/2021\/10\/icon-voluntario-1.png\" alt=\"\" width=\"89\" height=\"85\"><br>SEJA UM<br>VOLUNT\u00c1RIO<\/div><\/a>\n<a href=\"http:\/\/asilosaovicente.org.br\/site\/notaparana\/\"><div class=\"box-1\"><img loading=\"lazy\" decoding=\"async\" class=\"\" src=\"http:\/\/asilosaovicente.org.br\/site\/wp-content\/uploads\/2021\/10\/icon-cupom-1.png\" alt=\"\" width=\"89\" height=\"85\"><br>DOE CUPOM FISCAL<br>SEM CPF<\/div><\/a><\/div><\/div>\n\n\n\n<div style=\"height:50px\" aria-hidden=\"true\" class=\"wp-block-spacer\"><\/div>\n\n\n\n<section class=\"wp-block-uagb-columns uagb-columns__wrap uagb-columns__background-undefined uagb-columns__stack-mobile uagb-columns__valign-undefined uagb-columns__gap-10 alignundefined uagb-block-8297d7d5\"><div class=\"uagb-columns__overlay\"><\/div><div class=\"uagb-columns__inner-wrap uagb-columns__columns-2\">\n<div class=\"wp-block-uagb-column uagb-column__wrap uagb-column__background-undefined uagb-block-c67c487f\"><div class=\"uagb-column__overlay\"><\/div><div class=\"uagb-column__inner-wrap\">\n<h2><span style=\"color: #5e4547;\">Conhe\u00e7a o Asilo<\/span><br><span style=\"color: #5e4547;\">S\u00e3o Vicente de Paulo<\/span><\/h2>\n\n\n\n<div class=\"texto-asilo\">Institui\u00e7\u00e3o sem fins lucrativos localizada em Curitiba (PR). O Asilo S\u00e3o Vicente de Paulo \u00e9 refer\u00eancia nacional no atendimento e na promo\u00e7\u00e3o da qualidade de vida e no resgate \u00e0 dignidade da pessoa idosa.<\/div>\n<div class=\"espaco-10\"><\/div>\n<div class=\"texto-saiba\"><strong>Saiba mais sobre:<\/strong><\/div><div class=\"espaco-15\"><\/div>\n\n\n\n<a href=\"http:\/\/asilosaovicente.org.br\/site\/o-asilo\/\"><div class=\"bt-asilo\">O ASILO<\/div><\/a>\n<a href=\"http:\/\/asilosaovicente.org.br\/site\/capela\/\"><div class=\"bt-capela\">CAPELA<\/div><\/a>\n<a href=\"http:\/\/asilosaovicente.org.br\/site\/centro-dia\/\"><div class=\"bt-centrodia\">CENTRO DIA<\/div><\/a>\n<a href=\"http:\/\/asilosaovicente.org.br\/site\/como-visitar\/\"><div class=\"bt-visitas\">VISITAS<\/div><\/a>\n<a href=\"http:\/\/asilosaovicente.org.br\/site\/bazar\/\"><div class=\"bt-bazar\">BAZAR<\/div><\/a>\n<a href=\"http:\/\/asilosaovicente.org.br\/site\/funcionamento\/\"><div class=\"bt-funcionamento\">FUNCIONAMENTO<\/div><\/a>\n<\/div><\/div>\n\n\n\n<div class=\"wp-block-uagb-column uagb-column__wrap uagb-column__background-undefined uagb-block-19a1a1c0\"><div class=\"uagb-column__overlay\"><\/div><div class=\"uagb-column__inner-wrap\">\n<figure class=\"wp-block-image aligncenter size-full\"><a href=\"http:\/\/asilosaovicente.org.br\/site\/2022\/08\/11\/o-valor-da-vida\/\"><img loading=\"lazy\" decoding=\"async\" width=\"585\" height=\"413\" src=\"http:\/\/asilosaovicente.org.br\/site\/wp-content\/uploads\/2021\/10\/img-video-1.png\" alt=\"\" class=\"wp-image-159\" srcset=\"https:\/\/asilosaovicente.org.br\/site\/wp-content\/uploads\/2021\/10\/img-video-1.png 585w, https:\/\/asilosaovicente.org.br\/site\/wp-content\/uploads\/2021\/10\/img-video-1-300x212.png 300w\" sizes=\"auto, (max-width: 585px) 100vw, 585px\" \/><\/a><\/figure>\n<\/div><\/div>\n<\/div><\/section>\n\n\n\n<div style=\"height:20px\" aria-hidden=\"true\" class=\"wp-block-spacer\"><\/div>\n\n\n\n<div class=\"linha1\"><\/div>\n\n\n\n<section class=\"wp-block-uagb-columns uagb-columns__wrap uagb-columns__background-color uagb-columns__stack-mobile uagb-columns__valign-undefined uagb-columns__gap-10 alignundefined uagb-block-cfa93040\"><div class=\"uagb-columns__overlay\"><\/div><div class=\"uagb-columns__inner-wrap uagb-columns__columns-1\">\n<div class=\"wp-block-uagb-column uagb-column__wrap uagb-column__background-undefined uagb-block-1437494d\"><div class=\"uagb-column__overlay\"><\/div><div class=\"uagb-column__inner-wrap\">\n<h2 style=\"text-align: center;\"><span style=\"color: #5e4547;\">O que fazemos<\/span><\/h2>\n<\/div><\/div>\n<\/div><\/section>\n\n\n\n<section class=\"wp-block-uagb-columns uagb-columns__wrap uagb-columns__background-color uagb-columns__stack-mobile uagb-columns__valign-undefined uagb-columns__gap-10 alignundefined uagb-block-ee75b52b\"><div class=\"uagb-columns__overlay\"><\/div><div class=\"uagb-columns__inner-wrap uagb-columns__columns-4\">\n<div class=\"wp-block-uagb-column uagb-column__wrap uagb-column__background-undefined uagb-block-ba3d4076\"><div class=\"uagb-column__overlay\"><\/div><div class=\"uagb-column__inner-wrap\">\n<figure class=\"wp-block-image size-full redondo\"><img loading=\"lazy\" decoding=\"async\" width=\"876\" height=\"535\" src=\"http:\/\/asilosaovicente.org.br\/site\/wp-content\/uploads\/2021\/10\/img-1-1.png\" alt=\"\" class=\"wp-image-621\" srcset=\"https:\/\/asilosaovicente.org.br\/site\/wp-content\/uploads\/2021\/10\/img-1-1.png 876w, https:\/\/asilosaovicente.org.br\/site\/wp-content\/uploads\/2021\/10\/img-1-1-300x183.png 300w, https:\/\/asilosaovicente.org.br\/site\/wp-content\/uploads\/2021\/10\/img-1-1-768x469.png 768w\" sizes=\"auto, (max-width: 876px) 100vw, 876px\" \/><\/figure>\n\n\n\n<div class=\"texto-g\">Qualidade de vida<\/div><div class=\"espaco-10\"><\/div>\n<div class=\"texto-m\">Garantimos \u00e0 todas 150 idosas residentes os seus direitos sociais com dignidade, atrav\u00e9s de equipe multidisciplinar de excel\u00eancia em todas as compet\u00eancias t\u00e9cnicas: assist\u00eancia social, m\u00e9dica, nutricional, fisioterap\u00eautica, psicol\u00f3gica, farmac\u00eautica e em terapia ocupacional, entre outras. Contemplando todas as demandas de vida di\u00e1ria.<\/div>\n<\/div><\/div>\n\n\n\n<div class=\"wp-block-uagb-column uagb-column__wrap uagb-column__background-undefined uagb-block-94044270\"><div class=\"uagb-column__overlay\"><\/div><div class=\"uagb-column__inner-wrap\">\n<figure class=\"wp-block-image size-full redondo\"><img loading=\"lazy\" decoding=\"async\" width=\"876\" height=\"535\" src=\"http:\/\/asilosaovicente.org.br\/site\/wp-content\/uploads\/2021\/10\/img-2-1.png\" alt=\"\" class=\"wp-image-630\" srcset=\"https:\/\/asilosaovicente.org.br\/site\/wp-content\/uploads\/2021\/10\/img-2-1.png 876w, https:\/\/asilosaovicente.org.br\/site\/wp-content\/uploads\/2021\/10\/img-2-1-300x183.png 300w, https:\/\/asilosaovicente.org.br\/site\/wp-content\/uploads\/2021\/10\/img-2-1-768x469.png 768w\" sizes=\"auto, (max-width: 876px) 100vw, 876px\" \/><\/figure>\n\n\n\n<div class=\"texto-g\">Bem-estar<\/div><div class=\"espaco-10\"><\/div>\n<div class=\"texto-m\">\nOfertamos cotidianamente atividades laborais atrav\u00e9s de oficinas socioeducativas, como tamb\u00e9m festas tem\u00e1ticas, passeios, atividades externas e de conviv\u00eancia familiar e comunit\u00e1ria.<\/div>\n<\/div><\/div>\n\n\n\n<div class=\"wp-block-uagb-column uagb-column__wrap uagb-column__background-undefined uagb-block-37379801\"><div class=\"uagb-column__overlay\"><\/div><div class=\"uagb-column__inner-wrap\">\n<figure class=\"wp-block-image size-full redondo\"><img loading=\"lazy\" decoding=\"async\" width=\"876\" height=\"535\" src=\"http:\/\/asilosaovicente.org.br\/site\/wp-content\/uploads\/2022\/08\/acolhimento-1.jpg\" alt=\"\" class=\"wp-image-1206\" srcset=\"https:\/\/asilosaovicente.org.br\/site\/wp-content\/uploads\/2022\/08\/acolhimento-1.jpg 876w, https:\/\/asilosaovicente.org.br\/site\/wp-content\/uploads\/2022\/08\/acolhimento-1-300x183.jpg 300w, https:\/\/asilosaovicente.org.br\/site\/wp-content\/uploads\/2022\/08\/acolhimento-1-768x469.jpg 768w\" sizes=\"auto, (max-width: 876px) 100vw, 876px\" \/><\/figure>\n\n\n\n<div class=\"texto-g\">Atendimento humanizado<\/div><div class=\"espaco-10\"><\/div>\n<div class=\"texto-m\">\nPrezamos pela integralidade do atendimento em todas as suas particularidades, prestando uma assist\u00eancia individualizada \u00e0 idosa, desde o seu acolhimento.<\/div>\n<\/div><\/div>\n\n\n\n<div class=\"wp-block-uagb-column uagb-column__wrap uagb-column__background-undefined uagb-block-a6b87e60\"><div class=\"uagb-column__overlay\"><\/div><div class=\"uagb-column__inner-wrap\">\n<figure class=\"wp-block-image size-full redondo\"><img loading=\"lazy\" decoding=\"async\" width=\"876\" height=\"535\" src=\"http:\/\/asilosaovicente.org.br\/site\/wp-content\/uploads\/2022\/08\/controle-1.jpg\" alt=\"\" class=\"wp-image-1204\" srcset=\"https:\/\/asilosaovicente.org.br\/site\/wp-content\/uploads\/2022\/08\/controle-1.jpg 876w, https:\/\/asilosaovicente.org.br\/site\/wp-content\/uploads\/2022\/08\/controle-1-300x183.jpg 300w, https:\/\/asilosaovicente.org.br\/site\/wp-content\/uploads\/2022\/08\/controle-1-768x469.jpg 768w\" sizes=\"auto, (max-width: 876px) 100vw, 876px\" \/><\/figure>\n\n\n\n<div class=\"texto-g\">Controle Social<\/div><div class=\"espaco-10\"><\/div>\n<div class=\"texto-m\">\nAtuamos ativamente em f\u00f3runs, conselhos e confer\u00eancias, em \u00e2mbito municipal, estadual e federal, dentro das pol\u00edticas p\u00fablicas de assist\u00eancia social, sa\u00fade,  seguran\u00e7a alimentar e nutricional, educa\u00e7\u00e3o e na defesa e garantia de direitos.<\/div>\n<\/div><\/div>\n<\/div><\/section>\n\n\n\n<div class=\"linha2\"><\/div>\n\n\n\n<section class=\"wp-block-uagb-columns uagb-columns__wrap uagb-columns__background-image uagb-columns__stack-mobile uagb-columns__valign-undefined uagb-columns__gap-10 alignundefined uagb-block-1f0f576f\"><div class=\"uagb-columns__overlay\"><\/div><div class=\"uagb-columns__inner-wrap uagb-columns__columns-2\">\n<div class=\"wp-block-uagb-column uagb-column__wrap uagb-column__background-undefined uagb-block-94be3a1f\"><div class=\"uagb-column__overlay\"><\/div><div class=\"uagb-column__inner-wrap\">\n<h2 style=\"text-align: left;\"><span style=\"color: #5e4547;\">Not\u00edcias em destaque<\/span><\/h2>\n\n\n\n<div class=\"wp-block-columns is-layout-flex wp-container-core-columns-is-layout-9d6595d7 wp-block-columns-is-layout-flex\">\n<div class=\"wp-block-column is-layout-flow wp-block-column-is-layout-flow\">\n<section class=\"wp-block-uagb-columns uagb-columns__wrap uagb-columns__background-undefined uagb-columns__stack-mobile uagb-columns__valign-undefined uagb-columns__gap-10 alignundefined uagb-block-2f9b2812\"><div class=\"uagb-columns__overlay\"><\/div><div class=\"uagb-columns__inner-wrap uagb-columns__columns-2\">\n<div class=\"wp-block-uagb-column uagb-column__wrap uagb-column__background-undefined uagb-block-ab080d4a\"><div class=\"uagb-column__overlay\"><\/div><div class=\"uagb-column__inner-wrap\">\n<div class=\"wp-block-query is-layout-flow wp-block-query-is-layout-flow\"><ul class=\"wp-block-post-template is-layout-flow wp-block-post-template-is-layout-flow\"><li class=\"wp-block-post post-1559 post type-post status-publish format-standard has-post-thumbnail hentry category-noticias\">\n\n<div class=\"wp-block-columns are-vertically-aligned-center is-layout-flex wp-container-core-columns-is-layout-9d6595d7 wp-block-columns-is-layout-flex\">\n<div class=\"wp-block-column is-vertically-aligned-center is-layout-flow wp-block-column-is-layout-flow\" style=\"flex-basis:45%\"><figure class=\"wp-block-post-featured-image\"><a href=\"https:\/\/asilosaovicente.org.br\/site\/2025\/03\/13\/declare-sua-solidariedade-2\/\" target=\"_self\"  ><img loading=\"lazy\" decoding=\"async\" width=\"700\" height=\"494\" src=\"https:\/\/asilosaovicente.org.br\/site\/wp-content\/uploads\/2025\/03\/ir-asilo.png\" class=\"attachment-post-thumbnail size-post-thumbnail wp-post-image\" alt=\"Declare sua solidariedade!\" style=\"object-fit:cover;\" srcset=\"https:\/\/asilosaovicente.org.br\/site\/wp-content\/uploads\/2025\/03\/ir-asilo.png 700w, https:\/\/asilosaovicente.org.br\/site\/wp-content\/uploads\/2025\/03\/ir-asilo-300x212.png 300w\" sizes=\"auto, (max-width: 700px) 100vw, 700px\" \/><\/a><\/figure><\/div>\n\n\n\n<div class=\"wp-block-column is-vertically-aligned-center is-layout-flow wp-block-column-is-layout-flow\" style=\"flex-basis:55%\"><h6 class=\"wp-block-post-title\">Declare sua solidariedade!<\/h6><\/div>\n<\/div>\n\n<\/li><\/ul><\/div>\n<\/div><\/div>\n\n\n\n<div class=\"wp-block-uagb-column uagb-column__wrap uagb-column__background-undefined uagb-block-e594b1e4\"><div class=\"uagb-column__overlay\"><\/div><div class=\"uagb-column__inner-wrap\">\n<div class=\"wp-block-query is-layout-flow wp-block-query-is-layout-flow\"><ul class=\"wp-block-post-template is-layout-flow wp-block-post-template-is-layout-flow\"><li class=\"wp-block-post post-1509 post type-post status-publish format-standard has-post-thumbnail hentry category-noticias\">\n\n<div class=\"wp-block-columns are-vertically-aligned-center is-layout-flex wp-container-core-columns-is-layout-9d6595d7 wp-block-columns-is-layout-flex\">\n<div class=\"wp-block-column is-vertically-aligned-center is-layout-flow wp-block-column-is-layout-flow\" style=\"flex-basis:45%\"><figure class=\"wp-block-post-featured-image\"><a href=\"https:\/\/asilosaovicente.org.br\/site\/2024\/07\/15\/doe-roupas-e-moveis-que-nao-usa-mais-para-nosso-bazar\/\" target=\"_self\"  ><img loading=\"lazy\" decoding=\"async\" width=\"700\" height=\"494\" src=\"https:\/\/asilosaovicente.org.br\/site\/wp-content\/uploads\/2024\/07\/doacao-roupas-moveis-bazar.jpeg\" class=\"attachment-post-thumbnail size-post-thumbnail wp-post-image\" alt=\"Doe roupas e m\u00f3veis que n\u00e3o usa mais para nosso bazar\" style=\"object-fit:cover;\" srcset=\"https:\/\/asilosaovicente.org.br\/site\/wp-content\/uploads\/2024\/07\/doacao-roupas-moveis-bazar.jpeg 700w, https:\/\/asilosaovicente.org.br\/site\/wp-content\/uploads\/2024\/07\/doacao-roupas-moveis-bazar-300x212.jpeg 300w\" sizes=\"auto, (max-width: 700px) 100vw, 700px\" \/><\/a><\/figure><\/div>\n\n\n\n<div class=\"wp-block-column is-vertically-aligned-center is-layout-flow wp-block-column-is-layout-flow\" style=\"flex-basis:55%\"><h6 class=\"wp-block-post-title\">Doe roupas e m\u00f3veis que n\u00e3o usa mais para nosso bazar<\/h6><\/div>\n<\/div>\n\n<\/li><\/ul><\/div>\n<\/div><\/div>\n<\/div><\/section>\n\n\n\n<p><\/p>\n<\/div>\n<\/div>\n<\/div><\/div>\n\n\n\n<div class=\"wp-block-uagb-column uagb-column__wrap uagb-column__background-undefined uagb-block-c6f62a65\"><div class=\"uagb-column__overlay\"><\/div><div class=\"uagb-column__inner-wrap\">\n<div style=\"height:30px\" aria-hidden=\"true\" class=\"wp-block-spacer\"><\/div>\n\n\n\n<a href=\"http:\/\/asilosaovicente.org.br\/site\/relatorio-de-atividades\/\"><div class=\"bt-relatorio\">Relat\u00f3rio de Atividades<\/div><\/a>\n<a href=\"http:\/\/asilosaovicente.org.br\/site\/category\/outras-publicacaoes\/\"><div class=\"bt-publicacoes\">Outras Publica\u00e7\u00f5es<\/div><\/a>\n<a href=\"http:\/\/asilosaovicente.org.br\/site\/arquivo-de-videos\/\"><div class=\"bt-videos\">Arquivo de V\u00eddeos<\/div><\/a>\n<a href=\"http:\/\/asilosaovicente.org.br\/site\/category\/noticias\/\"><div class=\"bt-noticias\">Mais Not\u00edcias<\/div><\/a>\n<\/div><\/div>\n<\/div><\/section>\n\n\n\n<div class=\"linha3\"><\/div>\n\n\n\n<div class=\"fundo-verde\"><div class=\"fundo-verde-centro\"><div class=\"texto-siga\">\n<div class=\"texto-siga1\">SIGA NOSSAS REDES SOCIAIS<\/div>\n<div class=\"texto-siga2\">e fique por dentro das novidades do Asilo<\/div><div class=\"espaco-10\"><\/div>\n<a href=\"https:\/\/www.facebook.com\/asilosaovicentecuritiba\/\"><img decoding=\"async\" loading=\"lazy\" class=\"alignnone size-medium wp-image-648\" src=\"http:\/\/asilosaovicente.org.br\/site\/wp-content\/uploads\/2021\/10\/img-facebook-1.png\" alt=\"\" width=\"69\" height=\"69\"><\/a> <a href=\"https:\/\/www.instagram.com\/asilosaovicentecuritiba\/\"><img decoding=\"async\" loading=\"lazy\" class=\"alignnone size-medium wp-image-648\" src=\"http:\/\/asilosaovicente.org.br\/site\/wp-content\/uploads\/2021\/10\/img-instagram-1.png\" alt=\"\" width=\"69\" height=\"69\"><\/a>\n<div class=\"espaco-20\"><\/div><div class=\"espaco-10\"><\/div>\n<div class=\"texto-siga3\">ASILO S\u00c3O VICENTE DE PAULO<\/div>\n<div class=\"texto-siga4\">\n<img decoding=\"async\" loading=\"lazy\" class=\"alignnone size-full wp-image-658\" src=\"http:\/\/asilosaovicente.org.br\/site\/wp-content\/uploads\/2021\/10\/icon-endereco-1.png\" alt=\"\" width=\"25\" height=\"21\"> R. S\u00e3o Vicente, 100, Juvev\u00ea, Curitiba\/PR <br>\n<img decoding=\"async\" loading=\"lazy\" class=\"alignnone size-full wp-image-658\" src=\"http:\/\/asilosaovicente.org.br\/site\/wp-content\/uploads\/2021\/10\/icon-telefone-1.png\" alt=\"\" width=\"25\" height=\"21\"> Telefone: (41) 3313-5353<br>\n<img decoding=\"async\" loading=\"lazy\" class=\"alignnone size-full wp-image-658\" src=\"http:\/\/asilosaovicente.org.br\/site\/wp-content\/uploads\/2021\/10\/icon-email-1.png\" alt=\"\" width=\"25\" height=\"21\"> E-mail: comunicacao@asilosaovicente.org.br<\/div>\n\n<\/div><div class=\"idosa\"><\/div><\/div><\/div>\n","protected":false},"excerpt":{"rendered":"<p>CONTRIBUA COM NOSSO ASILO: DOA\u00c7\u00c3O PESSOA F\u00cdSICA DOA\u00c7\u00c3O PESSOA JUR\u00cdDICA DOA\u00c7\u00c3O DIRETA(DEP\u00d3SITO BANC\u00c1RIO) DOA\u00c7\u00c3O DEPRODUTOS DOA\u00c7\u00c3O PELOIMPOSTO DE RENDA SEJA UMVOLUNT\u00c1RIO DOE CUPOM FISCALSEM CPF SIGA NOSSAS REDES SOCIAIS e fique por dentro das novidades do Asilo ASILO S\u00c3O VICENTE DE PAULO R. S\u00e3o Vicente, 100, Juvev\u00ea, Curitiba\/PR Telefone: (41) 3313-5353 E-mail: comunicacao@asilosaovicente.org.br<\/p>\n","protected":false},"author":1,"featured_media":0,"parent":0,"menu_order":0,"comment_status":"closed","ping_status":"closed","template":"","meta":{"footnotes":""},"class_list":["post-10","page","type-page","status-publish","hentry"],"uagb_featured_image_src":{"full":false,"thumbnail":false,"medium":false,"medium_large":false,"large":false,"1536x1536":false,"2048x2048":false},"uagb_author_info":{"display_name":"Asilo adm","author_link":"https:\/\/asilosaovicente.org.br\/site\/author\/asilo-adm\/"},"uagb_comment_info":0,"uagb_excerpt":"CONTRIBUA COM NOSSO ASILO: DOA\u00c7\u00c3O PESSOA F\u00cdSICA DOA\u00c7\u00c3O PESSOA JUR\u00cdDICA DOA\u00c7\u00c3O DIRETA(DEP\u00d3SITO BANC\u00c1RIO) DOA\u00c7\u00c3O DEPRODUTOS DOA\u00c7\u00c3O PELOIMPOSTO DE RENDA SEJA UMVOLUNT\u00c1RIO DOE CUPOM FISCALSEM CPF SIGA NOSSAS REDES SOCIAIS e fique por dentro das novidades do Asilo ASILO S\u00c3O VICENTE DE PAULO R. S\u00e3o Vicente, 100, Juvev\u00ea, Curitiba\/PR Telefone: (41) 3313-5353 E-mail: comunicacao@asilosaovicente.org.br","_links":{"self":[{"href":"https:\/\/asilosaovicente.org.br\/site\/wp-json\/wp\/v2\/pages\/10","targetHints":{"allow":["GET"]}}],"collection":[{"href":"https:\/\/asilosaovicente.org.br\/site\/wp-json\/wp\/v2\/pages"}],"about":[{"href":"https:\/\/asilosaovicente.org.br\/site\/wp-json\/wp\/v2\/types\/page"}],"author":[{"embeddable":true,"href":"https:\/\/asilosaovicente.org.br\/site\/wp-json\/wp\/v2\/users\/1"}],"replies":[{"embeddable":true,"href":"https:\/\/asilosaovicente.org.br\/site\/wp-json\/wp\/v2\/comments?post=10"}],"version-history":[{"count":4,"href":"https:\/\/asilosaovicente.org.br\/site\/wp-json\/wp\/v2\/pages\/10\/revisions"}],"predecessor-version":[{"id":1335,"href":"https:\/\/asilosaovicente.org.br\/site\/wp-json\/wp\/v2\/pages\/10\/revisions\/1335"}],"wp:attachment":[{"href":"https:\/\/asilosaovicente.org.br\/site\/wp-json\/wp\/v2\/media?parent=10"}],"curies":[{"name":"wp","href":"https:\/\/api.w.org\/{rel}","templated":true}]}}