{"id":818,"date":"2022-07-05T14:59:43","date_gmt":"2022-07-05T17:59:43","guid":{"rendered":"http:\/\/www.sintatica.com.br\/asilo\/?page_id=818"},"modified":"2022-07-05T14:59:43","modified_gmt":"2022-07-05T17:59:43","slug":"o-asilo","status":"publish","type":"page","link":"https:\/\/asilosaovicente.org.br\/site\/o-asilo\/","title":{"rendered":"O Asilo"},"content":{"rendered":"\n<div style=\"height:50px\" aria-hidden=\"true\" class=\"wp-block-spacer\"><\/div>\n\n\n\n<h1 class=\"wp-block-heading\">O Asilo<\/h1>\n\n\n\n<div style=\"height:20px\" aria-hidden=\"true\" class=\"wp-block-spacer\"><\/div>\n\n\n\n<p>O Asilo S\u00e3o Vicente de Paulo \u00e9 uma institui\u00e7\u00e3o sem fins lucrativos localizada em Curitiba (PR). \u00c9 refer\u00eancia nacional no atendimento e na promo\u00e7\u00e3o da qualidade de vida e no resgate \u00e0 dignidade da pessoa idosa.<\/p>\n\n\n\n<p>\u00c9 respons\u00e1vel pela garantia do bem-estar de 150 idosas. O atendimento de longa perman\u00eancia \u00e9 dirigido a mulheres que possuem graus diferenciados de limita\u00e7\u00f5es, autonomia e independ\u00eancia e demandam cuidados espec\u00edficos.<\/p>\n\n\n\n<p>Fundado em 1926, o Asilo \u00e9 atualmente mantido pela A\u00e7\u00e3o Social do Paran\u00e1, institui\u00e7\u00e3o que atua desde 1944 nos eixos da Assist\u00eancia Social, da Educa\u00e7\u00e3o e da Seguran\u00e7a Alimentar e Nutricional. A ASP sempre foi protagonista de movimentos de transforma\u00e7\u00e3o social, mobilizando a sociedade para o alcance de uma vida mais digna para todos. Ela prosseguiu com suas atividades, mobilizando, capacitando e apoiando os diferentes atores do trabalho social. Destacam-se em sua hist\u00f3ria o compromisso com o profissionalismo, a participa\u00e7\u00e3o popular e a implementa\u00e7\u00e3o de a\u00e7\u00f5es concretas para a transforma\u00e7\u00e3o social.&nbsp;<\/p>\n\n\n\n<p>O Asilo S\u00e3o Vicente de Paulo de Curitiba est\u00e1 completamente adaptado \u00e0s pol\u00edticas nacionais de atendimento \u00e0 pessoa idosa, atuando com a perspectiva da institucionaliza\u00e7\u00e3o em um atendimento individualizado, educativo e focado na reintegra\u00e7\u00e3o social. Sua atua\u00e7\u00e3o vai al\u00e9m do atendimento \u2013 est\u00e1 presente&nbsp;em conselhos, f\u00f3runs e outros espa\u00e7os de participa\u00e7\u00e3o popular, na busca de garantias dos direitos da pessoa idosa e na constru\u00e7\u00e3o de uma pol\u00edtica p\u00fablica ativa para este segmento.<\/p>\n\n\n\n<p><strong>Nossa hist\u00f3ria<\/strong><\/p>\n\n\n\n<p>Em 30 de outubro de 1926, o ent\u00e3o presidente de Estado da Prov\u00edncia do Paran\u00e1 (cargo correspondente hoje ao de governador), Caetano Munhoz da Rocha, inaugura o Centro de Mendic\u00e2ncia S\u00e3o Vicente de Paulo, conhecido hoje como Asilo S\u00e3o Vicente de Paulo de Curitiba. Na \u00e9poca, o Asilo atendia crian\u00e7as, jovens, adultos e idosos de ambos os sexos. Em alguns per\u00edodos, mais de 400 pessoas residiram no local.<\/p>\n\n\n\n<p>Por quase 80 anos, de 1926 at\u00e9 2004, as respons\u00e1veis pela administra\u00e7\u00e3o da casa eram as religiosas da Congrega\u00e7\u00e3o das Irm\u00e3s Passionistas. Em 1967, h\u00e1 uma reestrutura\u00e7\u00e3o na institui\u00e7\u00e3o e os homens s\u00e3o encaminhados ao Recanto Tarum\u00e3. Dois anos depois, as meninas que viviam na entidade s\u00e3o encaminhadas ao Lar Yvone Pimentel. Em 2004, atendendo \u00e0s especifica\u00e7\u00f5es da nova Pol\u00edtica de Atendimento ao Idoso, a gest\u00e3o do Asilo passa para a Funda\u00e7\u00e3o Educacional Itaqui, que come\u00e7a a adotar um novo conceito de atendimento, de acordo com a Pol\u00edtica Nacional do Idoso.<\/p>\n\n\n\n<p>Desde de janeiro de 2009 a administra\u00e7\u00e3o da institui\u00e7\u00e3o est\u00e1 sob responsabilidade da A\u00e7\u00e3o Social do Paran\u00e1, entidade que atua desde 1944 no Estado. Em sua gest\u00e3o, a ASP procura tamb\u00e9m ser protagonista na luta pela consolida\u00e7\u00e3o de pol\u00edticas p\u00fablicas para a pessoa idosa, participando de conselhos e f\u00f3runs de direitos. Nos \u00faltimos anos, o Asilo vem realizando projetos de reintegra\u00e7\u00e3o social com a pessoa idosa, buscando fortalecer sua identidade na sociedade. \u00c9 seu compromisso com a valoriza\u00e7\u00e3o e respeito ao idoso.<\/p>\n\n\n\n<p>Garantimos \u00e0 todas 150 idosas residentes os seus direitos sociais com dignidade, atrav\u00e9s de equipe multidisciplinar de excel\u00eancia em todas as compet\u00eancias t\u00e9cnicas: assist\u00eancia social, m\u00e9dica, nutricional, fisioterap\u00eautica, psicol\u00f3gica, farmac\u00eautica e em terapia ocupacional, entre outras. Contemplando todas as demandas de vida di\u00e1ria.<\/p>\n\n\n\n<div style=\"height:100px\" aria-hidden=\"true\" class=\"wp-block-spacer\"><\/div>\n","protected":false},"excerpt":{"rendered":"<p>O Asilo O Asilo S\u00e3o Vicente de Paulo \u00e9 uma institui\u00e7\u00e3o sem fins lucrativos localizada em Curitiba (PR). \u00c9 refer\u00eancia nacional no atendimento e na promo\u00e7\u00e3o da qualidade de vida e no resgate \u00e0 dignidade da pessoa idosa. \u00c9 respons\u00e1vel pela garantia do bem-estar de 150 idosas. O atendimento de longa perman\u00eancia \u00e9 dirigido a &hellip;<\/p>\n<p class=\"read-more\"> <a class=\"\" href=\"https:\/\/asilosaovicente.org.br\/site\/o-asilo\/\"> <span class=\"screen-reader-text\">O Asilo<\/span> Leia mais &raquo;<\/a><\/p>\n","protected":false},"author":1,"featured_media":0,"parent":0,"menu_order":0,"comment_status":"closed","ping_status":"closed","template":"","meta":{"footnotes":""},"class_list":["post-818","page","type-page","status-publish","hentry"],"uagb_featured_image_src":{"full":false,"thumbnail":false,"medium":false,"medium_large":false,"large":false,"1536x1536":false,"2048x2048":false},"uagb_author_info":{"display_name":"Asilo adm","author_link":"https:\/\/asilosaovicente.org.br\/site\/author\/asilo-adm\/"},"uagb_comment_info":0,"uagb_excerpt":"O Asilo O Asilo S\u00e3o Vicente de Paulo \u00e9 uma institui\u00e7\u00e3o sem fins lucrativos localizada em Curitiba (PR). \u00c9 refer\u00eancia nacional no atendimento e na promo\u00e7\u00e3o da qualidade de vida e no resgate \u00e0 dignidade da pessoa idosa. \u00c9 respons\u00e1vel pela garantia do bem-estar de 150 idosas. O atendimento de longa perman\u00eancia \u00e9 dirigido a&hellip;","_links":{"self":[{"href":"https:\/\/asilosaovicente.org.br\/site\/wp-json\/wp\/v2\/pages\/818","targetHints":{"allow":["GET"]}}],"collection":[{"href":"https:\/\/asilosaovicente.org.br\/site\/wp-json\/wp\/v2\/pages"}],"about":[{"href":"https:\/\/asilosaovicente.org.br\/site\/wp-json\/wp\/v2\/types\/page"}],"author":[{"embeddable":true,"href":"https:\/\/asilosaovicente.org.br\/site\/wp-json\/wp\/v2\/users\/1"}],"replies":[{"embeddable":true,"href":"https:\/\/asilosaovicente.org.br\/site\/wp-json\/wp\/v2\/comments?post=818"}],"version-history":[{"count":0,"href":"https:\/\/asilosaovicente.org.br\/site\/wp-json\/wp\/v2\/pages\/818\/revisions"}],"wp:attachment":[{"href":"https:\/\/asilosaovicente.org.br\/site\/wp-json\/wp\/v2\/media?parent=818"}],"curies":[{"name":"wp","href":"https:\/\/api.w.org\/{rel}","templated":true}]}}