{"id":832,"date":"2022-07-05T15:28:03","date_gmt":"2022-07-05T18:28:03","guid":{"rendered":"http:\/\/www.sintatica.com.br\/asilo\/?page_id=832"},"modified":"2025-08-12T08:45:16","modified_gmt":"2025-08-12T11:45:16","slug":"funcionamento","status":"publish","type":"page","link":"https:\/\/asilosaovicente.org.br\/site\/funcionamento\/","title":{"rendered":"Funcionamento"},"content":{"rendered":"\n<p><\/p>\n\n\n\n<div style=\"height:50px\" aria-hidden=\"true\" class=\"wp-block-spacer\"><\/div>\n\n\n\n<h1 class=\"wp-block-heading\">Funcionamento<\/h1>\n\n\n\n<div style=\"height:20px\" aria-hidden=\"true\" class=\"wp-block-spacer\"><\/div>\n\n\n\n<h3 class=\"wp-block-heading\"><strong>Recep\u00e7\u00e3o do Asilo<\/strong><\/h3>\n\n\n\n<p>Das 8h \u00e0s 18h (todos os dias, inclusive aos s\u00e1bados, domingos e feriados).<\/p>\n\n\n\n<hr class=\"wp-block-separator has-alpha-channel-opacity\"\/>\n\n\n\n<h3 class=\"wp-block-heading\"><strong>Bazar<\/strong><\/h3>\n\n\n\n<p><strong>Bazar de roupas<\/strong><br><br>De ter\u00e7a a quinta-feira, mediante agendamento.<br>S\u00e3o roupas, cal\u00e7ados, acess\u00f3rios e utens\u00edlios dom\u00e9sticos em \u00f3timo estado e com \u00f3timos pre\u00e7os.<\/p>\n\n\n\n<p>Local: Rua S\u00e3o Vicente, 100 \u2013 Juvev\u00ea \u2013 Curitiba-PR<br>Informa\u00e7\u00f5es: (41) 3313-5353<br><\/p>\n\n\n\n<hr class=\"wp-block-separator has-alpha-channel-opacity\"\/>\n\n\n\n<h3 class=\"wp-block-heading\"><strong>Centro Dia<\/strong><\/h3>\n\n\n\n<p>O espa\u00e7o funciona de segunda a sexta-feira, das 7h30 \u00e0s 17h30.<\/p>\n\n\n\n<p>O objetivo do Centro Dia \u00e9 proporcionar \u00e0 pessoa idosa um espa\u00e7o onde ela possa conviver e se relacionar com outras pessoas. Dessa forma, s\u00e3o promovidas a socializa\u00e7\u00e3o e a integra\u00e7\u00e3o dos idosos atrav\u00e9s dessas atividades. Tamb\u00e9m \u00e9 realizado o acompanhamento dos cuidados pessoais dos idosos participantes do programa.<\/p>\n\n\n\n<p>Quer conhecer melhor o funcionamento do Centro Dia do Asilo S\u00e3o Vicente de Paulo? Agende uma visita pelo telefone (41) 3313-5384.<\/p>\n\n\n\n<div class=\"wp-block-uagb-marketing-button uagb-marketing-btn__outer-wrap uagb-marketing-btn__align-left uagb-marketing-btn__align-text-center uagb-marketing-btn__icon-before uagb-block-dc4696aa\"><div class=\"uagb-marketing-btn__wrap\"><a href=\"http:\/\/asilosaovicente.org.br\/site\/centro-dia\/\" class=\"uagb-marketing-btn__link\" target=\"\" rel=\"noopener noreferrer\"><div class=\"uagb-marketing-btn__title-wrap\"><div class=\"uagb-marketing-btn__icon-wrap\"><svg xmlns=\"http:\/\/www.w3.org\/2000\/svg\" viewBox=\"0 0 576 512\"><path d=\"M280.37 148.26L96 300.11V464a16 16 0 0 0 16 16l112.06-.29a16 16 0 0 0 15.92-16V368a16 16 0 0 1 16-16h64a16 16 0 0 1 16 16v95.64a16 16 0 0 0 16 16.05L464 480a16 16 0 0 0 16-16V300L295.67 148.26a12.19 12.19 0 0 0-15.3 0zM571.6 251.47L488 182.56V44.05a12 12 0 0 0-12-12h-56a12 12 0 0 0-12 12v72.61L318.47 43a48 48 0 0 0-61 0L4.34 251.47a12 12 0 0 0-1.6 16.9l25.5 31A12 12 0 0 0 45.15 301l235.22-193.74a12.19 12.19 0 0 1 15.3 0L530.9 301a12 12 0 0 0 16.9-1.6l25.5-31a12 12 0 0 0-1.7-16.93z\"><\/path><\/svg><\/div><h6 class=\"uagb-marketing-btn__title\">Sabia mais sobre o Centro Dia<\/h6><\/div><div class=\"uagb-marketing-btn__prefix-wrap\"><p class=\"uagb-marketing-btn__prefix\"><\/p><\/div><\/a><\/div><\/div>\n\n\n\n<div style=\"height:100px\" aria-hidden=\"true\" class=\"wp-block-spacer\"><\/div>\n","protected":false},"excerpt":{"rendered":"<p>Funcionamento Recep\u00e7\u00e3o do Asilo Das 8h \u00e0s 18h (todos os dias, inclusive aos s\u00e1bados, domingos e feriados). Bazar Bazar de roupas De ter\u00e7a a quinta-feira, mediante agendamento.S\u00e3o roupas, cal\u00e7ados, acess\u00f3rios e utens\u00edlios dom\u00e9sticos em \u00f3timo estado e com \u00f3timos pre\u00e7os. Local: Rua S\u00e3o Vicente, 100 \u2013 Juvev\u00ea \u2013 Curitiba-PRInforma\u00e7\u00f5es: (41) 3313-5353 Centro Dia O espa\u00e7o &hellip;<\/p>\n<p class=\"read-more\"> <a class=\"\" href=\"https:\/\/asilosaovicente.org.br\/site\/funcionamento\/\"> <span class=\"screen-reader-text\">Funcionamento<\/span> Leia mais &raquo;<\/a><\/p>\n","protected":false},"author":1,"featured_media":0,"parent":0,"menu_order":0,"comment_status":"closed","ping_status":"closed","template":"","meta":{"footnotes":""},"class_list":["post-832","page","type-page","status-publish","hentry"],"uagb_featured_image_src":{"full":false,"thumbnail":false,"medium":false,"medium_large":false,"large":false,"1536x1536":false,"2048x2048":false},"uagb_author_info":{"display_name":"Asilo adm","author_link":"https:\/\/asilosaovicente.org.br\/site\/author\/asilo-adm\/"},"uagb_comment_info":0,"uagb_excerpt":"Funcionamento Recep\u00e7\u00e3o do Asilo Das 8h \u00e0s 18h (todos os dias, inclusive aos s\u00e1bados, domingos e feriados). Bazar Bazar de roupas De ter\u00e7a a quinta-feira, mediante agendamento.S\u00e3o roupas, cal\u00e7ados, acess\u00f3rios e utens\u00edlios dom\u00e9sticos em \u00f3timo estado e com \u00f3timos pre\u00e7os. Local: Rua S\u00e3o Vicente, 100 \u2013 Juvev\u00ea \u2013 Curitiba-PRInforma\u00e7\u00f5es: (41) 3313-5353 Centro Dia O espa\u00e7o&hellip;","_links":{"self":[{"href":"https:\/\/asilosaovicente.org.br\/site\/wp-json\/wp\/v2\/pages\/832","targetHints":{"allow":["GET"]}}],"collection":[{"href":"https:\/\/asilosaovicente.org.br\/site\/wp-json\/wp\/v2\/pages"}],"about":[{"href":"https:\/\/asilosaovicente.org.br\/site\/wp-json\/wp\/v2\/types\/page"}],"author":[{"embeddable":true,"href":"https:\/\/asilosaovicente.org.br\/site\/wp-json\/wp\/v2\/users\/1"}],"replies":[{"embeddable":true,"href":"https:\/\/asilosaovicente.org.br\/site\/wp-json\/wp\/v2\/comments?post=832"}],"version-history":[{"count":2,"href":"https:\/\/asilosaovicente.org.br\/site\/wp-json\/wp\/v2\/pages\/832\/revisions"}],"predecessor-version":[{"id":1577,"href":"https:\/\/asilosaovicente.org.br\/site\/wp-json\/wp\/v2\/pages\/832\/revisions\/1577"}],"wp:attachment":[{"href":"https:\/\/asilosaovicente.org.br\/site\/wp-json\/wp\/v2\/media?parent=832"}],"curies":[{"name":"wp","href":"https:\/\/api.w.org\/{rel}","templated":true}]}}