{"id":854,"date":"2022-07-07T14:54:51","date_gmt":"2022-07-07T17:54:51","guid":{"rendered":"http:\/\/www.sintatica.com.br\/asilo\/?page_id=854"},"modified":"2022-11-03T20:28:05","modified_gmt":"2022-11-03T23:28:05","slug":"como-contribuir","status":"publish","type":"page","link":"https:\/\/asilosaovicente.org.br\/site\/como-contribuir\/","title":{"rendered":"Como contribuir"},"content":{"rendered":"\n<div style=\"height:50px\" aria-hidden=\"true\" class=\"wp-block-spacer\"><\/div>\n\n\n\n<h1 class=\"wp-block-heading\">Como contribuir<\/h1>\n\n\n\n<div style=\"height:20px\" aria-hidden=\"true\" class=\"wp-block-spacer\"><\/div>\n\n\n\n<section class=\"wp-block-uagb-columns uagb-columns__wrap uagb-columns__background-undefined uagb-columns__stack-mobile uagb-columns__valign-undefined uagb-columns__gap-10 alignundefined uagb-block-662383a7\"><div class=\"uagb-columns__overlay\"><\/div><div class=\"uagb-columns__inner-wrap uagb-columns__columns-2\">\n<div class=\"wp-block-uagb-column uagb-column__wrap uagb-column__background-undefined uagb-block-ab250666\"><div class=\"uagb-column__overlay\"><\/div><div class=\"uagb-column__inner-wrap\">\n<p>Realize suas doa\u00e7\u00f5es de forma direta ao Asilo S\u00e3o Vicente de Paulo, seja em recursos financeiros ou materiais. Clique em uma das op\u00e7\u00f5es abaixo para saber como:<\/p>\n\n\n\n<section class=\"wp-block-uagb-columns uagb-columns__wrap uagb-columns__background-undefined uagb-columns__stack-mobile uagb-columns__valign-undefined uagb-columns__gap-10 alignundefined uagb-block-b40c9901\"><div class=\"uagb-columns__overlay\"><\/div><div class=\"uagb-columns__inner-wrap uagb-columns__columns-3\">\n<div class=\"wp-block-uagb-column uagb-column__wrap uagb-column__background-undefined uagb-block-48f6450b\"><div class=\"uagb-column__overlay\"><\/div><div class=\"uagb-column__inner-wrap\">\n<a href=\"http:\/\/asilosaovicente.org.br\/site\/doacoes-diretas\/\"><div class=\"contribuir\"><img loading=\"lazy\" decoding=\"async\" class=\"alignnone size-full wp-image-1115 aligncenter\" src=\"http:\/\/asilosaovicente.org.br\/site\/wp-content\/uploads\/2022\/08\/icone-doador-2.png\" alt=\"\" width=\"89\" height=\"71\">DOA\u00c7\u00c3O DIRETA <br>(DEP\u00d3SITO BANC\u00c1RIO)<\/div><\/a>\n<\/div><\/div>\n\n\n\n<div class=\"wp-block-uagb-column uagb-column__wrap uagb-column__background-undefined uagb-block-a51761c6\"><div class=\"uagb-column__overlay\"><\/div><div class=\"uagb-column__inner-wrap\">\n<a href=\"http:\/\/asilosaovicente.org.br\/site\/doacao-de-produtos-diversos\/\"><div class=\"contribuir\"><img loading=\"lazy\" decoding=\"async\" class=\"alignnone size-full wp-image-1115 aligncenter\" src=\"http:\/\/asilosaovicente.org.br\/site\/wp-content\/uploads\/2022\/08\/icone-produtos-1.png\" alt=\"\" width=\"89\" height=\"71\">DOA\u00c7\u00c3O DE<br>PRODUTOS<\/div><\/a>\n<\/div><\/div>\n\n\n\n<div class=\"wp-block-uagb-column uagb-column__wrap uagb-column__background-undefined uagb-block-4e351b84\"><div class=\"uagb-column__overlay\"><\/div><div class=\"uagb-column__inner-wrap\">\n<a href=\"http:\/\/asilosaovicente.org.br\/site\/impostoderenda\/\"><div class=\"contribuir\"><img loading=\"lazy\" decoding=\"async\" class=\"alignnone size-full wp-image-1115 aligncenter\" src=\"http:\/\/asilosaovicente.org.br\/site\/wp-content\/uploads\/2022\/08\/icone-leao-1.png\" alt=\"\" width=\"89\" height=\"71\">DOA\u00c7\u00c3O PELO<br>IMPOSTO DE RENDA<\/div><\/a>\n<\/div><\/div>\n<\/div><\/section>\n\n\n\n<section class=\"wp-block-uagb-columns uagb-columns__wrap uagb-columns__background-undefined uagb-columns__stack-mobile uagb-columns__valign-undefined uagb-columns__gap-10 alignundefined uagb-block-0a7fe5a6\"><div class=\"uagb-columns__overlay\"><\/div><div class=\"uagb-columns__inner-wrap uagb-columns__columns-3\">\n<div class=\"wp-block-uagb-column uagb-column__wrap uagb-column__background-undefined uagb-block-899c608e\"><div class=\"uagb-column__overlay\"><\/div><div class=\"uagb-column__inner-wrap\">\n<a href=\"http:\/\/asilosaovicente.org.br\/site\/seja-um-voluntario\/\"><div class=\"contribuir\"><img loading=\"lazy\" decoding=\"async\" class=\"alignnone size-full wp-image-1115 aligncenter\" src=\"http:\/\/asilosaovicente.org.br\/site\/wp-content\/uploads\/2022\/08\/icone-voluntario-1.png\" alt=\"\" width=\"89\" height=\"71\">SEJA UM <br>VOLUNT\u00c1RIO<\/div><\/a>\n<\/div><\/div>\n\n\n\n<div class=\"wp-block-uagb-column uagb-column__wrap uagb-column__background-undefined uagb-block-4cb8335c\"><div class=\"uagb-column__overlay\"><\/div><div class=\"uagb-column__inner-wrap\">\n<a href=\"http:\/\/asilosaovicente.org.br\/site\/notaparana\/\"><div class=\"contribuir\"><img loading=\"lazy\" decoding=\"async\" class=\"alignnone size-full wp-image-1115 aligncenter\" src=\"http:\/\/asilosaovicente.org.br\/site\/wp-content\/uploads\/2022\/08\/icone-cupom-1.png\" alt=\"\" width=\"89\" height=\"71\">DOE CUMPOM FISCAL <br>SEM CPF<\/div><\/a>\n<\/div><\/div>\n\n\n\n<div class=\"wp-block-uagb-column uagb-column__wrap uagb-column__background-undefined uagb-block-9240d927\"><div class=\"uagb-column__overlay\"><\/div><div class=\"uagb-column__inner-wrap\"><\/div><\/div>\n<\/div><\/section>\n<\/div><\/div>\n\n\n\n<div class=\"wp-block-uagb-column uagb-column__wrap uagb-column__background-undefined uagb-block-fc05b2d8\"><div class=\"uagb-column__overlay\"><\/div><div class=\"uagb-column__inner-wrap\">\n<div style=\"height:100px\" aria-hidden=\"true\" class=\"wp-block-spacer\"><\/div>\n\n\n\n<figure class=\"wp-block-image size-full\"><img decoding=\"async\" src=\"http:\/\/asilosaovicente.org.br\/site\/wp-content\/uploads\/2022\/08\/idosa3-1.png\" alt=\"\" class=\"wp-image-1229\"\/><\/figure>\n<\/div><\/div>\n<\/div><\/section>\n","protected":false},"excerpt":{"rendered":"<p>Como contribuir<\/p>\n","protected":false},"author":1,"featured_media":0,"parent":0,"menu_order":0,"comment_status":"closed","ping_status":"closed","template":"","meta":{"footnotes":""},"class_list":["post-854","page","type-page","status-publish","hentry"],"uagb_featured_image_src":{"full":false,"thumbnail":false,"medium":false,"medium_large":false,"large":false,"1536x1536":false,"2048x2048":false},"uagb_author_info":{"display_name":"Asilo adm","author_link":"https:\/\/asilosaovicente.org.br\/site\/author\/asilo-adm\/"},"uagb_comment_info":0,"uagb_excerpt":"Como contribuir","_links":{"self":[{"href":"https:\/\/asilosaovicente.org.br\/site\/wp-json\/wp\/v2\/pages\/854","targetHints":{"allow":["GET"]}}],"collection":[{"href":"https:\/\/asilosaovicente.org.br\/site\/wp-json\/wp\/v2\/pages"}],"about":[{"href":"https:\/\/asilosaovicente.org.br\/site\/wp-json\/wp\/v2\/types\/page"}],"author":[{"embeddable":true,"href":"https:\/\/asilosaovicente.org.br\/site\/wp-json\/wp\/v2\/users\/1"}],"replies":[{"embeddable":true,"href":"https:\/\/asilosaovicente.org.br\/site\/wp-json\/wp\/v2\/comments?post=854"}],"version-history":[{"count":1,"href":"https:\/\/asilosaovicente.org.br\/site\/wp-json\/wp\/v2\/pages\/854\/revisions"}],"predecessor-version":[{"id":1305,"href":"https:\/\/asilosaovicente.org.br\/site\/wp-json\/wp\/v2\/pages\/854\/revisions\/1305"}],"wp:attachment":[{"href":"https:\/\/asilosaovicente.org.br\/site\/wp-json\/wp\/v2\/media?parent=854"}],"curies":[{"name":"wp","href":"https:\/\/api.w.org\/{rel}","templated":true}]}}